{"id":66,"date":"2019-04-23T02:51:14","date_gmt":"2019-04-23T02:51:14","guid":{"rendered":"https:\/\/clinicafussion.com\/?page_id=66"},"modified":"2026-02-17T00:05:00","modified_gmt":"2026-02-17T00:05:00","slug":"dentistry-focus","status":"publish","type":"page","link":"https:\/\/clinicafussion.com\/","title":{"rendered":"Dentistry Focus"},"content":{"rendered":"<div class=\"wpb-content-wrapper\"><p>[vc_row full_width=\u00bbstretch_row\u00bb background_color=\u00bbgradient\u00bb background_gradient=\u00bbbackground: -webkit-gradient(linear, left top, left bottom, color-stop(0%, #F2F6F9), color-stop(100%, #FFFFFF));background: -moz-linear-gradient(top,#F2F6F9 0%,#FFFFFF 100%);background: -webkit-linear-gradient(top,#F2F6F9 0%,#FFFFFF 100%);background: -o-linear-gradient(top,#F2F6F9 0%,#FFFFFF 100%);background: -ms-linear-gradient(top,#F2F6F9 0%,#FFFFFF 100%);background: linear-gradient(top,#F2F6F9 0%,#FFFFFF 100%);\u00bb][vc_column][tm_slider_group equal_height=\u00bb1&#8243; pagination=\u00bb6&#8243; gutter=\u00bb30&#8243; items_display=\u00bbxs:1;sm:2;md:3;lg:3&#8243; lg_spacing=\u00bbmargin_top:-90&#8243;][tm_box_icon style=\u00bb13&#8243; heading=\u00bbOdontopediatr\u00eda\u00bb text=\u00bbCuidamos la salud dental de los m\u00e1s peque\u00f1os con tratamientos de odontopediatr\u00eda pensados para ofrecer confianza, comodidad y una experiencia positiva.\u00bb image=\u00bb2031&#8243;][tm_box_icon style=\u00bb13&#8243; icon_color=\u00bbsecondary\u00bb heading=\u00bbImplantes\u00bb text=\u00bbRecupera tu sonrisa con implantes dentales de alta calidad, dise\u00f1ados para ofrecer comodidad, seguridad y un resultado natural desde el primer d\u00eda.\u00bb image=\u00bb2034&#8243;][tm_box_icon style=\u00bb13&#8243; heading=\u00bbOrtodoncia\u00bb text=\u00bbMejora tu sonrisa con tratamientos de ortodoncia personalizados, pensados para ofrecer comodidad, eficacia y resultados visibles adaptados a ti.\u00bb image=\u00bb2035&#8243;][\/tm_slider_group][tm_spacer size=\u00bblg:40&#8243;][vc_column_text css=\u00bb\u00bb]<\/p>\n<p style=\"text-align: center;\">Mejora tu sonrisa con carillas dentales dise\u00f1adas para realzar la est\u00e9tica dental de forma natural<\/p>\n<p>[\/vc_column_text][tm_spacer size=\u00bblg:90&#8243;][vc_row_inner content_placement=\u00bbmiddle\u00bb gutter=\u00bbsm:30;md:50;lg:70&#8243;][vc_column_inner offset=\u00bbvc_col-lg-7&#8243;][tm_image align=\u00bbcenter\u00bb image=\u00bb2574&#8243;][\/vc_column_inner][vc_column_inner offset=\u00bbvc_col-lg-5&#8243;][tm_spacer size=\u00bblg:30&#8243;][tm_heading custom_google_font=\u00bb\u00bb text=\u00bb\u00bfPor qu\u00e9 elegirnos?\u00bb font_size=\u00bbxs:36;lg:42&#8243;][tm_spacer size=\u00bblg:25&#8243;][tm_heading tag=\u00bbdiv\u00bb custom_google_font=\u00bb\u00bb text=\u00bbPorque cuidamos de tu sonrisa con un enfoque personalizado, tecnolog\u00eda avanzada y un equipo profesional que te acompa\u00f1a en cada paso, ofreci\u00e9ndote confianza, comodidad y resultados de calidad.\u00bb font_size=\u00bblg:17&#8243;][tm_spacer size=\u00bblg:25&#8243;][tm_list list_style=\u00bbcheck-02&#8243; columns=\u00bbxs:1;lg:1&#8243; items=\u00bb%5B%7B%22item_title%22%3A%22Trato%20cercano%20y%20personalizado%22%2C%22icon_type%22%3A%22fontawesome5%22%7D%2C%7B%22item_title%22%3A%22Equipo%20profesional%20con%20amplia%20experiencia%22%2C%22icon_type%22%3A%22fontawesome5%22%7D%2C%7B%22item_title%22%3A%22Tecnolog%C3%ADa%20avanzada%20y%20tratamientos%20modernos%22%2C%22icon_type%22%3A%22fontawesome5%22%7D%2C%7B%22item_title%22%3A%22Resultados%20est%C3%A9ticos%20y%20funcionales%20de%20calidad%22%2C%22icon_type%22%3A%22fontawesome5%22%7D%2C%7B%22item_title%22%3A%22Atenci%C3%B3n%20c%C3%B3moda%20y%20pensada%20para%20tu%20bienestar%22%2C%22icon_type%22%3A%22fontawesome5%22%7D%5D\u00bb heading_font_size=\u00bblg:17&#8243;][tm_spacer size=\u00bblg:25&#8243;][vc_column_text css=\u00bb\u00bb]Apuesta por la experiencia, innovaci\u00f3n y atenci\u00f3n personalizada[\/vc_column_text][\/vc_column_inner][\/vc_row_inner][tm_spacer size=\u00bblg:100&#8243;][\/vc_column][\/vc_row][vc_row full_width=\u00bbstretch_row\u00bb][vc_column][tm_heading custom_google_font=\u00bb\u00bb font_weight=\u00bb500&#8243; text_transform=\u00bbuppercase\u00bb align=\u00bbcenter\u00bb text_color=\u00bbcustom\u00bb custom_text_color=\u00bb#486683&#8243; text=\u00bbNuestros servicios\u00bb font_size=\u00bblg:14&#8243; letter_spacing=\u00bb1.75px\u00bb][tm_spacer size=\u00bblg:15&#8243;][tm_heading custom_google_font=\u00bb\u00bb align=\u00bbcenter\u00bb text=\u00bbNuestros tratamientos dentales\u00bb font_size=\u00bbxs:36;lg:42&#8243;][tm_spacer size=\u00bblg:20&#8243;][tm_heading tag=\u00bbdiv\u00bb custom_google_font=\u00bb\u00bb align=\u00bbcenter\u00bb text=\u00bbEn nuestra cl\u00ednica dental ofrecemos una atenci\u00f3n integral para toda la familia, combinando experiencia, tecnolog\u00eda avanzada y un trato cercano. Cada tratamiento est\u00e1 pensado para cuidar tu salud bucodental y ayudarte a lucir una sonrisa sana y natural.\u00bb font_size=\u00bblg:17&#8243; max_width=\u00bb630px\u00bb][tm_spacer size=\u00bblg:70&#8243;][tm_service style=\u00bbgrid_classic_08&#8243; gutter=\u00bb20&#8243; row_gutter=\u00bb20&#8243; number=\u00bb9&#8243; columns=\u00bbxs:1;sm:2;md:3;lg:6&#8243;][tm_spacer size=\u00bblg:45&#8243;][tm_spacer size=\u00bblg:90&#8243;][\/vc_column][\/vc_row][vc_row full_width=\u00bbstretch_row\u00bb lg_spacing=\u00bbpadding_top:100;padding_bottom:40&#8243; background_image=\u00bb2053&#8243; background_position=\u00bbcenter center\u00bb][vc_column][vc_row_inner gutter=\u00bbsm:50;md:70;lg:90&#8243;][vc_column_inner offset=\u00bbvc_col-lg-6&#8243;][tm_heading style=\u00bbhighlight-big-number\u00bb custom_google_font=\u00bb\u00bb text_color=\u00bbcustom\u00bb custom_text_color=\u00bb#ffffff\u00bb text=\u00bb<mark>90<sup>%<\/sup><\/mark>De nuestros pacientes se van satisfechos y nos recomiendan.\u00bb font_size=\u00bblg:24&#8243;][tm_spacer size=\u00bblg:20&#8243;][\/vc_column_inner][vc_column_inner offset=\u00bbvc_col-lg-6&#8243;][tm_heading tag=\u00bbdiv\u00bb custom_google_font=\u00bb\u00bb text_color=\u00bbcustom\u00bb custom_text_color=\u00bbrgba(255,255,255,0.8)\u00bb text=\u00bbLa confianza de quienes nos eligen es nuestro mejor aval. Cuidamos cada detalle para que tu experiencia sea c\u00f3moda, cercana y con resultados que se notan desde la primera visita\u00bb font_size=\u00bblg:17&#8243;][tm_spacer size=\u00bblg:20&#8243;][\/vc_column_inner][\/vc_row_inner][tm_spacer size=\u00bblg:35&#8243;][vc_separator color=\u00bbcustom\u00bb accent_color=\u00bbrgba(255,255,255,0.09)\u00bb][tm_spacer size=\u00bblg:55&#8243;][vc_row_inner gutter=\u00bbsm:50;md:70;lg:90&#8243;][vc_column_inner offset=\u00bbvc_col-lg-6&#8243;][tm_heading style=\u00bbhighlight-big-number\u00bb custom_google_font=\u00bb\u00bb text_color=\u00bbcustom\u00bb custom_text_color=\u00bb#ffffff\u00bb text=\u00bb<mark>0<sup>%<\/sup><\/mark>De intereses para que puedas financiar tu tratamiento sin preocupaciones.\u00bb font_size=\u00bblg:24&#8243;][tm_spacer size=\u00bblg:20&#8243;][\/vc_column_inner][vc_column_inner offset=\u00bbvc_col-lg-6&#8243;][tm_heading tag=\u00bbdiv\u00bb custom_google_font=\u00bb\u00bb text_color=\u00bbcustom\u00bb custom_text_color=\u00bbrgba(255,255,255,0.8)\u00bb text=\u00bbPonemos a tu alcance la posibilidad de cuidar tu sonrisa con total tranquilidad. Financiaci\u00f3n flexible, clara y sin costes a\u00f1adidos, para que solo te centres en tu bienestar.\u00bb font_size=\u00bblg:17&#8243;][tm_spacer size=\u00bblg:20&#8243;][\/vc_column_inner][\/vc_row_inner][tm_spacer size=\u00bblg:242&#8243;][\/vc_column][\/vc_row][vc_row full_width=\u00bbstretch_row\u00bb background_color=\u00bbcustom\u00bb custom_background_color=\u00bb#f6f5f9&#8243;][vc_column][vc_row_inner equal_height=\u00bbyes\u00bb background_color=\u00bbcustom\u00bb lg_spacing=\u00bbmargin_top:-223;margin_right:0;margin_left:0&#8243; custom_background_color=\u00bb#ffffff\u00bb box_shadow=\u00bb0 20px 30px rgba(0,0,0,0.06)\u00bb el_id=\u00bbcontacto\u00bb][vc_column_inner background_image=\u00bb2580&#8243; background_position=\u00bbcenter top\u00bb offset=\u00bbvc_col-lg-4&#8243;][tm_spacer size=\u00bblg:495&#8243;][\/vc_column_inner][vc_column_inner lg_spacing=\u00bbpadding_top:60;padding_right:55;padding_bottom:60;padding_left:55&#8243; offset=\u00bbvc_col-lg-8&#8243; sm_spacing=\u00bbpadding_top:40;padding_right:15;padding_bottom:40;padding_left:15&#8243;][vc_raw_html css=\u00bb\u00bb]JTNDYSUyMGlkJTNEJTIyY29udGFjdG8lMjIlM0UlM0MlMkZhJTNFJTBEJTBB[\/vc_raw_html][tm_heading custom_google_font=\u00bb\u00bb text=\u00bbContactar sin compromiso\u00bb font_size=\u00bbsm:36;lg:42&#8243;][tm_spacer size=\u00bblg:40&#8243;][tm_contact_form_7 id=\u00bb398&#8243;][\/vc_column_inner][\/vc_row_inner][tm_spacer size=\u00bblg:100&#8243;][vc_row_inner gutter=\u00bbsm:50;md:70;lg:90&#8243;][vc_column_inner offset=\u00bbvc_col-lg-6&#8243;][tm_testimonial style=\u00bb2&#8243; number=\u00bb9&#8243; auto_play=\u00bb5000&#8243; carousel_gutter=\u00bblg:30&#8243; carousel_items_display=\u00bbxs:1;lg:1&#8243;][tm_spacer size=\u00bblg:55&#8243;][\/vc_column_inner][vc_column_inner offset=\u00bbvc_col-lg-6&#8243;][tm_before_after_image image_size=\u00bbcustom\u00bb image_before=\u00bb990&#8243; image_after=\u00bb989&#8243; image_size_width=\u00bb910&#8243; image_size_height=\u00bb660&#8243;][tm_spacer size=\u00bblg:55&#8243;][\/vc_column_inner][\/vc_row_inner][tm_spacer size=\u00bblg:45&#8243;][\/vc_column][\/vc_row][vc_row full_width=\u00bbstretch_row\u00bb content_placement=\u00bbmiddle\u00bb lg_spacing=\u00bbpadding_top:70;padding_bottom:70&#8243; background_image=\u00bb2056&#8243;][vc_column offset=\u00bbvc_col-lg-7&#8243;][tm_heading custom_google_font=\u00bb\u00bb text_color=\u00bbcustom\u00bb custom_text_color=\u00bb#ffffff\u00bb text=\u00bbCalidad premium y tecnolog\u00eda dental avanzada a precios claros\u00bb font_size=\u00bbsm:32;lg:38&#8243;][tm_spacer size=\u00bbmd:30&#8243;][\/vc_column][vc_column offset=\u00bbvc_col-lg-5&#8243;][tm_button_group align=\u00bbright\u00bb md_align=\u00bbleft\u00bb gutter=\u00bb20&#8243;][tm_button style=\u00bboutline\u00bb color=\u00bbcustom\u00bb button_bg_color=\u00bbtransparent\u00bb font_color=\u00bbcustom\u00bb button_border_color=\u00bbcustom\u00bb button_icon_color=\u00bb\u00bb button_bg_color_hover=\u00bbsecondary\u00bb font_color_hover=\u00bbcustom\u00bb button_border_color_hover=\u00bbsecondary\u00bb button_icon_color_hover=\u00bb\u00bb button=\u00bburl:https%3A%2F%2Fmaps.app.goo.gl%2Fe54ZDqTTdBc4F2KG6|title:Encu%C3%A9ntranos%20en%20el%20mapa\u00bb custom_button_border_color=\u00bbrgba(255,255,255,0.2)\u00bb custom_font_color_hover=\u00bb#ffffff\u00bb custom_font_color=\u00bb#ffffff\u00bb][tm_button style=\u00bbmodern\u00bb color=\u00bbcustom\u00bb button_bg_color=\u00bbsecondary\u00bb font_color=\u00bbcustom\u00bb button_border_color=\u00bbsecondary\u00bb button_icon_color=\u00bb\u00bb button_bg_color_hover=\u00bbcustom\u00bb font_color_hover=\u00bbsecondary\u00bb button_border_color_hover=\u00bbcustom\u00bb button_icon_color_hover=\u00bb\u00bb button=\u00bburl:https%3A%2F%2Fclinicafussion.com%2Fcontacto|title:Contactar%20sin%20compromiso\u00bb custom_font_color=\u00bb#ffffff\u00bb custom_button_bg_color_hover=\u00bb#ffffff\u00bb custom_button_border_color_hover=\u00bb#ffffff\u00bb][\/tm_button_group][\/vc_column][\/vc_row][vc_row full_width=\u00bbstretch_row\u00bb][vc_column][tm_spacer size=\u00bblg:100&#8243;][tm_heading custom_google_font=\u00bb\u00bb font_weight=\u00bb500&#8243; text_transform=\u00bbuppercase\u00bb align=\u00bbcenter\u00bb text_color=\u00bbcustom\u00bb custom_text_color=\u00bb#486683&#8243; text=\u00bbblogs &#038; noticias\u00bb font_size=\u00bblg:14&#8243; letter_spacing=\u00bb1.75px\u00bb][tm_spacer size=\u00bblg:15&#8243;][tm_heading custom_google_font=\u00bb\u00bb align=\u00bbcenter\u00bb text=\u00bb\u00daltimas noticias de la cl\u00ednica\u00bb font_size=\u00bbxs:36;lg:42&#8243;][tm_spacer size=\u00bblg:20&#8243;][tm_heading tag=\u00bbdiv\u00bb custom_google_font=\u00bb\u00bb align=\u00bbcenter\u00bb text=\u00bbMantente al d\u00eda con consejos de salud bucodental, novedades en tratamientos, tecnolog\u00eda dental avanzada y recomendaciones de nuestros especialistas para cuidar tu sonrisa cada d\u00eda.\u00bb font_size=\u00bblg:17&#8243; max_width=\u00bb630px\u00bb][tm_spacer size=\u00bblg:60&#8243;][tm_blog style=\u00bbcarousel_03&#8243; carousel_nav=\u00bb2&#8243; carousel_gutter=\u00bb60&#8243; number=\u00bb9&#8243; carousel_items_display=\u00bbxs:1;sm:2;md:3;lg:3&#8243;][tm_spacer size=\u00bblg:80&#8243;][\/vc_column][\/vc_row]<\/p>\n<\/div>","protected":false},"excerpt":{"rendered":"<p>[vc_row full_width=\u00bbstretch_row\u00bb background_color=\u00bbgradient\u00bb background_gradient=\u00bbbackground: -webkit-gradient(linear, left top, left bottom, color-stop(0%, #F2F6F9), color-stop(100%, #FFFFFF));background: -moz-linear-gradient(top,#F2F6F9 0%,#FFFFFF 100%);background: -webkit-linear-gradient(top,#F2F6F9 0%,#FFFFFF 100%);background: -o-linear-gradient(top,#F2F6F9 0%,#FFFFFF 100%);background: -ms-linear-gradient(top,#F2F6F9 0%,#FFFFFF 100%);background: linear-gradient(top,#F2F6F9 0%,#FFFFFF 100%);\u00bb][vc_column][tm_slider_group equal_height=\u00bb1&#8243; pagination=\u00bb6&#8243; gutter=\u00bb30&#8243; items_display=\u00bbxs:1;sm:2;md:3;lg:3&#8243; lg_spacing=\u00bbmargin_top:-90&#8243;][tm_box_icon style=\u00bb13&#8243; heading=\u00bbOdontopediatr\u00eda\u00bb text=\u00bbCuidamos la salud dental de los m\u00e1s peque\u00f1os con tratamientos de odontopediatr\u00eda pensados para ofrecer confianza, comodidad y una experiencia positiva.\u00bb image=\u00bb2031&#8243;][tm_box_icon style=\u00bb13&#8243; icon_color=\u00bbsecondary\u00bb heading=\u00bbImplantes\u00bb text=\u00bbRecupera tu sonrisa con implantes dentales de alta calidad, dise\u00f1ados para ofrecer comodidad, seguridad y un resultado natural desde el primer d\u00eda.\u00bb image=\u00bb2034&#8243;][tm_box_icon style=\u00bb13&#8243; heading=\u00bbOrtodoncia\u00bb text=\u00bbMejora tu sonrisa con tratamientos de ortodoncia personalizados, pensados para ofrecer comodidad, eficacia y resultados visibles adaptados a ti.\u00bb image=\u00bb2035&#8243;][\/tm_slider_group][tm_spacer size=\u00bblg:40&#8243;][vc_column_text css=\u00bb\u00bb] Mejora tu sonrisa con carillas dentales dise\u00f1adas para realzar la est\u00e9tica dental de forma natural [\/vc_column_text][tm_spacer size=\u00bblg:90&#8243;][vc_row_inner content_placement=\u00bbmiddle\u00bb gutter=\u00bbsm:30;md:50;lg:70&#8243;][vc_column_inner offset=\u00bbvc_col-lg-7&#8243;][tm_image align=\u00bbcenter\u00bb image=\u00bb2574&#8243;][\/vc_column_inner][vc_column_inner offset=\u00bbvc_col-lg-5&#8243;][tm_spacer size=\u00bblg:30&#8243;][tm_heading custom_google_font=\u00bb\u00bb text=\u00bb\u00bfPor qu\u00e9 elegirnos?\u00bb font_size=\u00bbxs:36;lg:42&#8243;][tm_spacer size=\u00bblg:25&#8243;][tm_heading tag=\u00bbdiv\u00bb custom_google_font=\u00bb\u00bb text=\u00bbPorque cuidamos de tu sonrisa con un enfoque personalizado, tecnolog\u00eda avanzada y un equipo profesional que te acompa\u00f1a en cada paso, ofreci\u00e9ndote confianza, comodidad y resultados de calidad.\u00bb font_size=\u00bblg:17&#8243;][tm_spacer size=\u00bblg:25&#8243;][tm_list list_style=\u00bbcheck-02&#8243; columns=\u00bbxs:1;lg:1&#8243; items=\u00bb%5B%7B%22item_title%22%3A%22Trato%20cercano%20y%20personalizado%22%2C%22icon_type%22%3A%22fontawesome5%22%7D%2C%7B%22item_title%22%3A%22Equipo%20profesional%20con%20amplia%20experiencia%22%2C%22icon_type%22%3A%22fontawesome5%22%7D%2C%7B%22item_title%22%3A%22Tecnolog%C3%ADa%20avanzada%20y%20tratamientos%20modernos%22%2C%22icon_type%22%3A%22fontawesome5%22%7D%2C%7B%22item_title%22%3A%22Resultados%20est%C3%A9ticos%20y%20funcionales%20de%20calidad%22%2C%22icon_type%22%3A%22fontawesome5%22%7D%2C%7B%22item_title%22%3A%22Atenci%C3%B3n%20c%C3%B3moda%20y%20pensada%20para%20tu%20bienestar%22%2C%22icon_type%22%3A%22fontawesome5%22%7D%5D\u00bb heading_font_size=\u00bblg:17&#8243;][tm_spacer size=\u00bblg:25&#8243;][vc_column_text css=\u00bb\u00bb]Apuesta por la experiencia, innovaci\u00f3n y atenci\u00f3n personalizada[\/vc_column_text][\/vc_column_inner][\/vc_row_inner][tm_spacer size=\u00bblg:100&#8243;][\/vc_column][\/vc_row][vc_row full_width=\u00bbstretch_row\u00bb][vc_column][tm_heading custom_google_font=\u00bb\u00bb font_weight=\u00bb500&#8243; text_transform=\u00bbuppercase\u00bb align=\u00bbcenter\u00bb text_color=\u00bbcustom\u00bb custom_text_color=\u00bb#486683&#8243; text=\u00bbNuestros servicios\u00bb font_size=\u00bblg:14&#8243; letter_spacing=\u00bb1.75px\u00bb][tm_spacer size=\u00bblg:15&#8243;][tm_heading custom_google_font=\u00bb\u00bb align=\u00bbcenter\u00bb text=\u00bbNuestros tratamientos dentales\u00bb font_size=\u00bbxs:36;lg:42&#8243;][tm_spacer size=\u00bblg:20&#8243;][tm_heading tag=\u00bbdiv\u00bb custom_google_font=\u00bb\u00bb align=\u00bbcenter\u00bb text=\u00bbEn nuestra cl\u00ednica dental ofrecemos una atenci\u00f3n integral para toda la familia, combinando experiencia, tecnolog\u00eda avanzada y un trato cercano. Cada tratamiento est\u00e1 pensado para cuidar tu salud bucodental y ayudarte a lucir una sonrisa sana y natural.\u00bb font_size=\u00bblg:17&#8243; max_width=\u00bb630px\u00bb][tm_spacer size=\u00bblg:70&#8243;][tm_service style=\u00bbgrid_classic_08&#8243; gutter=\u00bb20&#8243; row_gutter=\u00bb20&#8243; number=\u00bb9&#8243; columns=\u00bbxs:1;sm:2;md:3;lg:6&#8243;][tm_spacer size=\u00bblg:45&#8243;][tm_spacer size=\u00bblg:90&#8243;][\/vc_column][\/vc_row][vc_row full_width=\u00bbstretch_row\u00bb lg_spacing=\u00bbpadding_top:100;padding_bottom:40&#8243; background_image=\u00bb2053&#8243; background_position=\u00bbcenter center\u00bb][vc_column][vc_row_inner gutter=\u00bbsm:50;md:70;lg:90&#8243;][vc_column_inner offset=\u00bbvc_col-lg-6&#8243;][tm_heading style=\u00bbhighlight-big-number\u00bb custom_google_font=\u00bb\u00bb text_color=\u00bbcustom\u00bb custom_text_color=\u00bb#ffffff\u00bb text=\u00bb90%De nuestros pacientes se van satisfechos y nos recomiendan.\u00bb font_size=\u00bblg:24&#8243;][tm_spacer size=\u00bblg:20&#8243;][\/vc_column_inner][vc_column_inner offset=\u00bbvc_col-lg-6&#8243;][tm_heading tag=\u00bbdiv\u00bb custom_google_font=\u00bb\u00bb text_color=\u00bbcustom\u00bb custom_text_color=\u00bbrgba(255,255,255,0.8)\u00bb text=\u00bbLa confianza de quienes nos eligen es nuestro mejor aval. Cuidamos cada detalle para que tu experiencia sea c\u00f3moda, cercana y con resultados que se notan desde la primera visita\u00bb font_size=\u00bblg:17&#8243;][tm_spacer size=\u00bblg:20&#8243;][\/vc_column_inner][\/vc_row_inner][tm_spacer size=\u00bblg:35&#8243;][vc_separator color=\u00bbcustom\u00bb accent_color=\u00bbrgba(255,255,255,0.09)\u00bb][tm_spacer size=\u00bblg:55&#8243;][vc_row_inner gutter=\u00bbsm:50;md:70;lg:90&#8243;][vc_column_inner offset=\u00bbvc_col-lg-6&#8243;][tm_heading style=\u00bbhighlight-big-number\u00bb custom_google_font=\u00bb\u00bb text_color=\u00bbcustom\u00bb custom_text_color=\u00bb#ffffff\u00bb text=\u00bb0%De intereses para que puedas financiar tu tratamiento sin preocupaciones.\u00bb font_size=\u00bblg:24&#8243;][tm_spacer size=\u00bblg:20&#8243;][\/vc_column_inner][vc_column_inner offset=\u00bbvc_col-lg-6&#8243;][tm_heading tag=\u00bbdiv\u00bb custom_google_font=\u00bb\u00bb text_color=\u00bbcustom\u00bb custom_text_color=\u00bbrgba(255,255,255,0.8)\u00bb text=\u00bbPonemos a tu alcance la posibilidad de cuidar tu sonrisa con total tranquilidad. Financiaci\u00f3n flexible, clara y sin costes a\u00f1adidos, para que solo te centres en tu bienestar.\u00bb font_size=\u00bblg:17&#8243;][tm_spacer size=\u00bblg:20&#8243;][\/vc_column_inner][\/vc_row_inner][tm_spacer size=\u00bblg:242&#8243;][\/vc_column][\/vc_row][vc_row full_width=\u00bbstretch_row\u00bb background_color=\u00bbcustom\u00bb custom_background_color=\u00bb#f6f5f9&#8243;][vc_column][vc_row_inner equal_height=\u00bbyes\u00bb background_color=\u00bbcustom\u00bb lg_spacing=\u00bbmargin_top:-223;margin_right:0;margin_left:0&#8243; custom_background_color=\u00bb#ffffff\u00bb box_shadow=\u00bb0 20px 30px rgba(0,0,0,0.06)\u00bb el_id=\u00bbcontacto\u00bb][vc_column_inner background_image=\u00bb2580&#8243; background_position=\u00bbcenter top\u00bb offset=\u00bbvc_col-lg-4&#8243;][tm_spacer size=\u00bblg:495&#8243;][\/vc_column_inner][vc_column_inner lg_spacing=\u00bbpadding_top:60;padding_right:55;padding_bottom:60;padding_left:55&#8243; offset=\u00bbvc_col-lg-8&#8243; sm_spacing=\u00bbpadding_top:40;padding_right:15;padding_bottom:40;padding_left:15&#8243;][vc_raw_html css=\u00bb\u00bb]JTNDYSUyMGlkJTNEJTIyY29udGFjdG8lMjIlM0UlM0MlMkZhJTNFJTBEJTBB[\/vc_raw_html][tm_heading custom_google_font=\u00bb\u00bb text=\u00bbContactar sin compromiso\u00bb font_size=\u00bbsm:36;lg:42&#8243;][tm_spacer size=\u00bblg:40&#8243;][tm_contact_form_7 id=\u00bb398&#8243;][\/vc_column_inner][\/vc_row_inner][tm_spacer size=\u00bblg:100&#8243;][vc_row_inner gutter=\u00bbsm:50;md:70;lg:90&#8243;][vc_column_inner offset=\u00bbvc_col-lg-6&#8243;][tm_testimonial style=\u00bb2&#8243; number=\u00bb9&#8243; auto_play=\u00bb5000&#8243; carousel_gutter=\u00bblg:30&#8243; carousel_items_display=\u00bbxs:1;lg:1&#8243;][tm_spacer size=\u00bblg:55&#8243;][\/vc_column_inner][vc_column_inner offset=\u00bbvc_col-lg-6&#8243;][tm_before_after_image image_size=\u00bbcustom\u00bb image_before=\u00bb990&#8243; image_after=\u00bb989&#8243; image_size_width=\u00bb910&#8243; image_size_height=\u00bb660&#8243;][tm_spacer size=\u00bblg:55&#8243;][\/vc_column_inner][\/vc_row_inner][tm_spacer size=\u00bblg:45&#8243;][\/vc_column][\/vc_row][vc_row full_width=\u00bbstretch_row\u00bb content_placement=\u00bbmiddle\u00bb lg_spacing=\u00bbpadding_top:70;padding_bottom:70&#8243; background_image=\u00bb2056&#8243;][vc_column offset=\u00bbvc_col-lg-7&#8243;][tm_heading custom_google_font=\u00bb\u00bb text_color=\u00bbcustom\u00bb custom_text_color=\u00bb#ffffff\u00bb text=\u00bbCalidad premium y tecnolog\u00eda dental avanzada a precios claros\u00bb font_size=\u00bbsm:32;lg:38&#8243;][tm_spacer size=\u00bbmd:30&#8243;][\/vc_column][vc_column offset=\u00bbvc_col-lg-5&#8243;][tm_button_group align=\u00bbright\u00bb md_align=\u00bbleft\u00bb gutter=\u00bb20&#8243;][tm_button style=\u00bboutline\u00bb color=\u00bbcustom\u00bb button_bg_color=\u00bbtransparent\u00bb font_color=\u00bbcustom\u00bb button_border_color=\u00bbcustom\u00bb button_icon_color=\u00bb\u00bb button_bg_color_hover=\u00bbsecondary\u00bb font_color_hover=\u00bbcustom\u00bb button_border_color_hover=\u00bbsecondary\u00bb button_icon_color_hover=\u00bb\u00bb button=\u00bburl:https%3A%2F%2Fmaps.app.goo.gl%2Fe54ZDqTTdBc4F2KG6|title:Encu%C3%A9ntranos%20en%20el%20mapa\u00bb custom_button_border_color=\u00bbrgba(255,255,255,0.2)\u00bb custom_font_color_hover=\u00bb#ffffff\u00bb custom_font_color=\u00bb#ffffff\u00bb][tm_button style=\u00bbmodern\u00bb color=\u00bbcustom\u00bb button_bg_color=\u00bbsecondary\u00bb font_color=\u00bbcustom\u00bb button_border_color=\u00bbsecondary\u00bb button_icon_color=\u00bb\u00bb button_bg_color_hover=\u00bbcustom\u00bb font_color_hover=\u00bbsecondary\u00bb button_border_color_hover=\u00bbcustom\u00bb button_icon_color_hover=\u00bb\u00bb button=\u00bburl:https%3A%2F%2Fclinicafussion.com%2Fcontacto|title:Contactar%20sin%20compromiso\u00bb custom_font_color=\u00bb#ffffff\u00bb custom_button_bg_color_hover=\u00bb#ffffff\u00bb custom_button_border_color_hover=\u00bb#ffffff\u00bb][\/tm_button_group][\/vc_column][\/vc_row][vc_row full_width=\u00bbstretch_row\u00bb][vc_column][tm_spacer size=\u00bblg:100&#8243;][tm_heading custom_google_font=\u00bb\u00bb font_weight=\u00bb500&#8243; text_transform=\u00bbuppercase\u00bb align=\u00bbcenter\u00bb text_color=\u00bbcustom\u00bb custom_text_color=\u00bb#486683&#8243; text=\u00bbblogs &#038; noticias\u00bb font_size=\u00bblg:14&#8243; letter_spacing=\u00bb1.75px\u00bb][tm_spacer size=\u00bblg:15&#8243;][tm_heading custom_google_font=\u00bb\u00bb align=\u00bbcenter\u00bb text=\u00bb\u00daltimas noticias de la cl\u00ednica\u00bb font_size=\u00bbxs:36;lg:42&#8243;][tm_spacer size=\u00bblg:20&#8243;][tm_heading tag=\u00bbdiv\u00bb custom_google_font=\u00bb\u00bb align=\u00bbcenter\u00bb text=\u00bbMantente al d\u00eda con consejos de salud bucodental, novedades en tratamientos, tecnolog\u00eda dental avanzada y recomendaciones de nuestros especialistas para cuidar tu sonrisa cada d\u00eda.\u00bb font_size=\u00bblg:17&#8243; max_width=\u00bb630px\u00bb][tm_spacer size=\u00bblg:60&#8243;][tm_blog style=\u00bbcarousel_03&#8243; carousel_nav=\u00bb2&#8243; carousel_gutter=\u00bb60&#8243; number=\u00bb9&#8243; carousel_items_display=\u00bbxs:1;sm:2;md:3;lg:3&#8243;][tm_spacer size=\u00bblg:80&#8243;][\/vc_column][\/vc_row]<\/p>\n","protected":false},"author":1,"featured_media":0,"parent":0,"menu_order":0,"comment_status":"closed","ping_status":"closed","template":"","meta":{"footnotes":""},"class_list":["post-66","page","type-page","status-publish","hentry"],"_links":{"self":[{"href":"https:\/\/clinicafussion.com\/index.php?rest_route=\/wp\/v2\/pages\/66","targetHints":{"allow":["GET"]}}],"collection":[{"href":"https:\/\/clinicafussion.com\/index.php?rest_route=\/wp\/v2\/pages"}],"about":[{"href":"https:\/\/clinicafussion.com\/index.php?rest_route=\/wp\/v2\/types\/page"}],"author":[{"embeddable":true,"href":"https:\/\/clinicafussion.com\/index.php?rest_route=\/wp\/v2\/users\/1"}],"replies":[{"embeddable":true,"href":"https:\/\/clinicafussion.com\/index.php?rest_route=%2Fwp%2Fv2%2Fcomments&post=66"}],"version-history":[{"count":18,"href":"https:\/\/clinicafussion.com\/index.php?rest_route=\/wp\/v2\/pages\/66\/revisions"}],"predecessor-version":[{"id":2669,"href":"https:\/\/clinicafussion.com\/index.php?rest_route=\/wp\/v2\/pages\/66\/revisions\/2669"}],"wp:attachment":[{"href":"https:\/\/clinicafussion.com\/index.php?rest_route=%2Fwp%2Fv2%2Fmedia&parent=66"}],"curies":[{"name":"wp","href":"https:\/\/api.w.org\/{rel}","templated":true}]}}